{"id":6,"date":"2022-01-09T03:09:10","date_gmt":"2022-01-09T03:09:10","guid":{"rendered":"https:\/\/rosaspanama.com\/?page_id=3"},"modified":"2025-09-13T17:37:39","modified_gmt":"2025-09-13T17:37:39","slug":"privacy-policy-2","status":"publish","type":"page","link":"https:\/\/rosaspanama.com\/?page_id=6","title":{"rendered":"CONDICIONES DE LOS PAGOS \/ PRODUCTOS \/ ENTREGAS"},"content":{"rendered":"\n<h3 class=\"wp-block-heading\">PAGOS<\/h3>\n\n\n\n<p>No hay pagos contra entrega, no realizamos los cobros al entregar.<br>Las empresas que realicen pedidos corporativos deben abonar el 50% al momento de la confirmaci\u00f3n y con al menos 4 d\u00edas laborables anticipados al d\u00eda del evento y cancelar el otro 50% dos d\u00edas antes de la entrega.<br><strong>TODOS<\/strong> los pedidos son procesados despu\u00e9s de confirmar el pago del 100% los mismos ya sea por:<\/p>\n\n\n\n<p>a) &#8220;Registrar Pago&#8221; que es redirigido a la p\u00e1gina de la plataforma PAYPAL para pagos con tarjeta de cr\u00e9dito VISA, MASTERCARD y AMERICAN EXPRESS<\/p>\n\n\n\n<p>b) &#8220;PAGUELO FACIL&#8221; Pague aqu\u00ed, plataforma de paguelo facil bot\u00f3n verde tarjetas de cr\u00e9dito o d\u00e9bito VISA o MASTER CARD<\/p>\n\n\n\n<p>c) \u201cPAGAR OFFLINE\u201d a Banco General (Depositar en la cuenta o pago ACH).<\/p>\n\n\n\n<p>En caso que solicite la cancelaci\u00f3n de su pedido deber\u00e1n notificar 24 horas antes por email su petici\u00f3n y en caso que no haya sido procesada las personalizaciones se les devolver\u00e1 el dinero de la compra.<br>No se efectuar\u00e1n devoluciones de dinero en caso que el destinatario no se encuentre en el momento de la entrega y deber\u00e1n pagar nuevamente el servicio de entrega. Su arreglo floral ser\u00e1 guardado en nuestras oficinas por 24 horas despu\u00e9s del d\u00eda de la entrega.<br>Todo cheque devuelto se le har\u00e1 un cargo de US$30.00 y deber\u00e1n realizar el pago en efectivo o por ACH dentro de dos d\u00edas.<\/p>\n\n\n\n<h3 class=\"wp-block-heading\">PRODUCTOS<\/h3>\n\n\n\n<p>Los precios son mostrados en d\u00f3lares americanos y no incluyen el cargo por entrega y pueden variar durante las temporadas altas. El color o variedad de algunas flores, plantas y contenedores pueden ser sustituidos debido a disponibilidad en nuestro pa\u00eds y temporada.<\/p>\n\n\n\n<p>Los pedidos deben ser realizados con 24 horas de anticipaci\u00f3n o un m\u00ednimo de 18 horas del horario laborable.<br>Para im\u00e1genes, logos o \u00edconos personalizados, se requiere un m\u00ednimo de 48 horas de anticipaci\u00f3n.<br>En casos de fechas especiales como D\u00eda de las Madres y San Valent\u00edn, se solicita que los pedidos sean recibidos dos semanas antes o seg\u00fan se disponga en nuestros anuncios publicitarios.<br>Para arreglos florales con precio inferior a US$20.00, deber\u00e1 ser retirado en nuestro \u00fanico local, ubicado en Bethania, Club X.<br>Nos reservamos el derecho de aceptar o no la solicitud de una orden, as\u00ed como de realizar la entrega de la misma. En caso que notifiquemos no poder realizar el pedido\/la entrega y haya sido pagada, procederemos con la devoluci\u00f3n del pago recibido referente a esa orden mediante el mismo m\u00e9todo de pago.<br>El texto de las tarjetas de mensaje es el espacio designado como &#8220;Mensaje para la Tarjeta&#8221; el cual se copia y se pega como es recibido en ese espacio. Si desea que poner su nombre, inicial o seud\u00f3nimo debe colocarlo ah\u00ed. No hacemos cambios, no agregamos o quitamos texto a menos que seamos notificados v\u00eda email, su texto no debe atentar contra la moral y el pudor. No se aceptar\u00e1 el uso de lenguaje soez ni malas palabras. No nos hacemos responsable por errores ortogr\u00e1ficos o gramaticales.<\/p>\n\n\n\n<p>Las fotograf\u00edas de nuestro cat\u00e1logo, de la p\u00e1gina web, Facebook, Twitter, Instagram, Pinterest o las usadas y enviadas por Whatsapp donde se muestran nuestros productos sirven como gu\u00eda \u00fanicamente, son propiedad intelectual de SPEAKING ROSES PANAMA, S.A. y ROSAS PANAMA<br>Todas las flores, rosas, adornos y bases est\u00e1n sujetas a disponibilidad; en el escenario que no haya disponibilidad de cierto tipo de flor o contenedor\/base nosotros lo reemplazaremos con otro disponible similar de igual o mayor valor monetario.<br>Todas las \u00f3rdenes recibidas son de estricta confidencialidad y ning\u00fan dato referente a los pedidos ser\u00e1 suministrado a terceros.<\/p>\n\n\n\n<h3 class=\"wp-block-heading\">CANCELACI\u00d3N\/ANULACION DE \u00d3RDENES<\/h3>\n\n\n\n<p>Despu\u00e9s de enviar su pedido tiene un per\u00edodo de 24 horas para cancelar\/anular su \u00f3rden. En caso que su orden haya sido pagada y solicite la anulaci\u00f3n del pedido, se le reconocer\u00e1 como sigue:<\/p>\n\n\n\n<ul class=\"wp-block-list\">\n<li>100% del pago recibido si su orden es cancelada con 48 horas antes del d\u00eda de entrega.*<\/li>\n\n\n\n<li>75% del pago recibido si su orden es cancelada con 36 horas antes del d\u00eda de la entrega.*<\/li>\n\n\n\n<li>50% del pago recibido si su orden es cancelada con 24 horas antes del d\u00eda de la entrega. *<br>*No se hacen devoluciones de pagos recibidos si su pedido conten\u00eda personalizaciones, art\u00edculos especiales de regalo como cerveza, licores, frutas, chocolates y flores especiales por encargo.<\/li>\n<\/ul>\n\n\n\n<h3 class=\"wp-block-heading\">ENTREGAS<\/h3>\n\n\n\n<p>Los pedidos recibidos por medio de esta tienda en l\u00ednea (webstore) a partir de los d\u00edas S\u00e1bados desde de las 12:00 mediod\u00eda hasta los Domingos a las 12:00 media noche, ser\u00e1n procesados en horas de la ma\u00f1ana del lunes por lo que ser\u00e1n entregados despu\u00e9s de la 1:00pm<br>Las entregas s\u00f3lo se realizan a los lugares mencionados en la secci\u00f3n de rutas disponibles, en la secci\u00f3n de Informaci\u00f3n en \u201cEntregas a domicilio\u201d http:\/\/www.speakingrosespanama.com\/src\/contentpage\/detail\/831\/entregas-a-domicilio<br>S\u00f3lo se realizan entregas para pedidos donde el total de los arreglos sea mayor a US$20.00. Esto sin incluir el costo de la entrega.<br>Nuestro horario de entrega es el mismo que nuestro horario de atenci\u00f3n: Lunes a Viernes de 8:30am a 5:00 pm.<br>El horario de entrega no est\u00e1 garantizado, ROSAS PANAMA realizar\u00e1 sus mayores esfuerzos para cumplir con la hora solicitada.<br>Incurrir\u00e1n en recargos las entregas de arreglos que deban ser llevados nuevamente o al d\u00eda siguiente, fuera del horario o los d\u00edas domingos.<\/p>\n\n\n\n<p><strong>NOTA: <\/strong>Para pedidos del D\u00eda de las Madres o D\u00eda del Amor y la Amistad, s\u00f3lo se realizar\u00e1n entregas a pedidos cuyo total sean $20.00 en adelante (sin contar costos de entrega). Si su pedido es de menor costo, deber\u00e1 pasarlo a retirar en nuestras oficinas en Bethania, Club X. Tendremos un horario muy flexible para esas fechas.<\/p>\n","protected":false},"excerpt":{"rendered":"<p>PAGOS No hay pagos contra entrega, no realizamos los cobros al entregar.Las empresas que realicen pedidos corporativos deben abonar el 50% al momento de la confirmaci\u00f3n y con al menos [&hellip;]<\/p>\n","protected":false},"author":1,"featured_media":0,"parent":0,"menu_order":0,"comment_status":"closed","ping_status":"open","template":"","meta":{"footnotes":""},"class_list":["post-6","page","type-page","status-publish","hentry"],"brizy_media":[],"_links":{"self":[{"href":"https:\/\/rosaspanama.com\/index.php?rest_route=\/wp\/v2\/pages\/6","targetHints":{"allow":["GET"]}}],"collection":[{"href":"https:\/\/rosaspanama.com\/index.php?rest_route=\/wp\/v2\/pages"}],"about":[{"href":"https:\/\/rosaspanama.com\/index.php?rest_route=\/wp\/v2\/types\/page"}],"author":[{"embeddable":true,"href":"https:\/\/rosaspanama.com\/index.php?rest_route=\/wp\/v2\/users\/1"}],"replies":[{"embeddable":true,"href":"https:\/\/rosaspanama.com\/index.php?rest_route=%2Fwp%2Fv2%2Fcomments&post=6"}],"version-history":[{"count":1,"href":"https:\/\/rosaspanama.com\/index.php?rest_route=\/wp\/v2\/pages\/6\/revisions"}],"predecessor-version":[{"id":700,"href":"https:\/\/rosaspanama.com\/index.php?rest_route=\/wp\/v2\/pages\/6\/revisions\/700"}],"wp:attachment":[{"href":"https:\/\/rosaspanama.com\/index.php?rest_route=%2Fwp%2Fv2%2Fmedia&parent=6"}],"curies":[{"name":"wp","href":"https:\/\/api.w.org\/{rel}","templated":true}]}}